{"id":26,"date":"2024-03-20T15:03:26","date_gmt":"2024-03-20T12:03:26","guid":{"rendered":"https:\/\/aylinefecan.eliz.web.tr\/?page_id=26"},"modified":"2024-04-04T11:47:02","modified_gmt":"2024-04-04T08:47:02","slug":"contact","status":"publish","type":"page","link":"https:\/\/aylinefecan.eliz.web.tr\/en\/contact\/","title":{"rendered":"Contact"},"content":{"rendered":"\t\t<div data-elementor-type=\"wp-page\" data-elementor-id=\"26\" class=\"elementor elementor-26\">\n\t\t\t\t\t\t<section class=\"elementor-section elementor-top-section elementor-element elementor-element-a64a20b elementor-section-full_width elementor-section-height-default elementor-section-height-default\" data-id=\"a64a20b\" data-element_type=\"section\" data-e-type=\"section\" id=\"banner\" data-settings=\"{&quot;background_background&quot;:&quot;classic&quot;}\">\n\t\t\t\t\t\t<div class=\"elementor-container elementor-column-gap-no\">\n\t\t\t\t\t<div class=\"elementor-column elementor-col-100 elementor-top-column elementor-element elementor-element-2300540\" data-id=\"2300540\" data-element_type=\"column\" data-e-type=\"column\">\n\t\t\t<div class=\"elementor-widget-wrap elementor-element-populated\">\n\t\t\t\t\t\t<div class=\"elementor-element elementor-element-c052b48 elementor-widget elementor-widget-heading\" data-id=\"c052b48\" data-element_type=\"widget\" data-e-type=\"widget\" id=\"banner-title\" data-widget_type=\"heading.default\">\n\t\t\t\t<div class=\"elementor-widget-container\">\n\t\t\t\t\t<h2 class=\"elementor-heading-title elementor-size-default\">Contact<\/h2>\t\t\t\t<\/div>\n\t\t\t\t<\/div>\n\t\t\t\t\t<\/div>\n\t\t<\/div>\n\t\t\t\t\t<\/div>\n\t\t<\/section>\n\t\t\t\t<section class=\"elementor-section elementor-top-section elementor-element elementor-element-c404046 elementor-section-boxed elementor-section-height-default elementor-section-height-default\" data-id=\"c404046\" data-element_type=\"section\" data-e-type=\"section\" data-settings=\"{&quot;background_background&quot;:&quot;classic&quot;}\">\n\t\t\t\t\t\t<div class=\"elementor-container elementor-column-gap-default\">\n\t\t\t\t\t<div class=\"elementor-column elementor-col-50 elementor-top-column elementor-element elementor-element-c68f1e6\" data-id=\"c68f1e6\" data-element_type=\"column\" data-e-type=\"column\">\n\t\t\t<div class=\"elementor-widget-wrap elementor-element-populated\">\n\t\t\t\t\t\t<div class=\"elementor-element elementor-element-16960e2 elementor-widget elementor-widget-heading\" data-id=\"16960e2\" data-element_type=\"widget\" data-e-type=\"widget\" data-widget_type=\"heading.default\">\n\t\t\t\t<div class=\"elementor-widget-container\">\n\t\t\t\t\t<h2 class=\"elementor-heading-title elementor-size-default\">CONTACT US<\/h2>\t\t\t\t<\/div>\n\t\t\t\t<\/div>\n\t\t\t\t<div class=\"elementor-element elementor-element-f2ee884 elementor-widget elementor-widget-heading\" data-id=\"f2ee884\" data-element_type=\"widget\" data-e-type=\"widget\" data-widget_type=\"heading.default\">\n\t\t\t\t<div class=\"elementor-widget-container\">\n\t\t\t\t\t<h2 class=\"elementor-heading-title elementor-size-default\">Need Legal Help? Write to\n<br>Us Now!<\/h2>\t\t\t\t<\/div>\n\t\t\t\t<\/div>\n\t\t\t\t<div class=\"elementor-element elementor-element-5c815b7 elementor-widget elementor-widget-text-editor\" data-id=\"5c815b7\" data-element_type=\"widget\" data-e-type=\"widget\" data-widget_type=\"text-editor.default\">\n\t\t\t\t<div class=\"elementor-widget-container\">\n\t\t\t\t\t\t\t\t\t<p>You can send us your written and verbal questions via our phone numbers and e-mail addresses.<\/p>\t\t\t\t\t\t\t\t<\/div>\n\t\t\t\t<\/div>\n\t\t\t\t<div class=\"elementor-element elementor-element-02d1355 elementor-widget elementor-widget-elementskit-social-media\" data-id=\"02d1355\" data-element_type=\"widget\" data-e-type=\"widget\" data-widget_type=\"elementskit-social-media.default\">\n\t\t\t\t<div class=\"elementor-widget-container\">\n\t\t\t\t\t<div class=\"ekit-wid-con\" >\t\t\t <ul class=\"ekit_social_media\">\n\t\t\t\t\t\t\t\t\t\t\t\t\t\t<li class=\"elementor-repeater-item-3bcb71f\">\n\t\t\t\t\t    <a\n\t\t\t\t\t\t class=\"marker\" >\n\t\t\t\t\t\t\t\n\t\t\t\t\t\t\t<i aria-hidden=\"true\" class=\"icon icon-map-marker\"><\/i>\n                                                                                    \u00c7ankaya Mahallesi Atat\u00fcrk Bulvar\u0131 No:160\/4 \u00c7ankaya ANKARA                                                                                <\/a>\n                    <\/li>\n                    \t\t\t\t\t\t\t\t\t\t\t\t\t\t<li class=\"elementor-repeater-item-4b6d52b\">\n\t\t\t\t\t    <a\n\t\t\t\t\t\t class=\"smartphone2\" >\n\t\t\t\t\t\t\t\n\t\t\t\t\t\t\t<i aria-hidden=\"true\" class=\"icon icon-smartphone2\"><\/i>\n                                                                                    +90 5414126106                                                                                <\/a>\n                    <\/li>\n                    \t\t\t\t\t\t\t\t\t\t\t\t\t\t<li class=\"elementor-repeater-item-9e4a298\">\n\t\t\t\t\t    <a\n\t\t\t\t\t\t class=\"envelope2\" >\n\t\t\t\t\t\t\t\n\t\t\t\t\t\t\t<i aria-hidden=\"true\" class=\"icon icon-envelope2\"><\/i>\n                                                                                    info@aylinefecan.com.tr                                                                                <\/a>\n                    <\/li>\n                    \t\t\t\t\t\t\t<\/ul>\n\t\t<\/div>\t\t\t\t<\/div>\n\t\t\t\t<\/div>\n\t\t\t\t\t<\/div>\n\t\t<\/div>\n\t\t\t\t<div class=\"elementor-column elementor-col-50 elementor-top-column elementor-element elementor-element-a026b9f\" data-id=\"a026b9f\" data-element_type=\"column\" data-e-type=\"column\">\n\t\t\t<div class=\"elementor-widget-wrap elementor-element-populated\">\n\t\t\t\t\t\t<div class=\"elementor-element elementor-element-d0407ee elementor-widget elementor-widget-form\" data-id=\"d0407ee\" data-element_type=\"widget\" data-e-type=\"widget\" data-widget_type=\"form.default\">\n\t\t\t\t<div class=\"elementor-widget-container\">\n\t\t\t\t\t \t\t\t\t<\/div>\n\t\t\t\t<\/div>\n\t\t\t\t\t<\/div>\n\t\t<\/div>\n\t\t\t\t\t<\/div>\n\t\t<\/section>\n\t\t\t\t<section class=\"elementor-section elementor-top-section elementor-element elementor-element-fdbb39d elementor-section-full_width elementor-section-height-default elementor-section-height-default\" data-id=\"fdbb39d\" data-element_type=\"section\" data-e-type=\"section\">\n\t\t\t\t\t\t<div class=\"elementor-container elementor-column-gap-no\">\n\t\t\t\t\t<div class=\"elementor-column elementor-col-100 elementor-top-column elementor-element elementor-element-bf76104\" data-id=\"bf76104\" data-element_type=\"column\" data-e-type=\"column\">\n\t\t\t<div class=\"elementor-widget-wrap elementor-element-populated\">\n\t\t\t\t\t\t<div class=\"elementor-element elementor-element-2777d90 elementor-widget elementor-widget-google_maps\" data-id=\"2777d90\" data-element_type=\"widget\" data-e-type=\"widget\" data-widget_type=\"google_maps.default\">\n\t\t\t\t<div class=\"elementor-widget-container\">\n\t\t\t\t\t\t\t<div class=\"elementor-custom-embed\">\n\t\t\t<iframe loading=\"lazy\"\n\t\t\t\t\tsrc=\"https:\/\/maps.google.com\/maps?q=%C3%87ankaya%20Mahallesi%20Atat%C3%BCrk%20Bulvar%C4%B1%20No%3A160%2F4%20%C3%87ankaya%20ANKARA&#038;t=m&#038;z=15&#038;output=embed&#038;iwloc=near\"\n\t\t\t\t\ttitle=\"\u00c7ankaya Mahallesi Atat\u00fcrk Bulvar\u0131 No:160\/4 \u00c7ankaya ANKARA\"\n\t\t\t\t\taria-label=\"\u00c7ankaya Mahallesi Atat\u00fcrk Bulvar\u0131 No:160\/4 \u00c7ankaya ANKARA\"\n\t\t\t><\/iframe>\n\t\t<\/div>\n\t\t\t\t\t\t<\/div>\n\t\t\t\t<\/div>\n\t\t\t\t\t<\/div>\n\t\t<\/div>\n\t\t\t\t\t<\/div>\n\t\t<\/section>\n\t\t\t\t<\/div>\n\t\t","protected":false},"excerpt":{"rendered":"<p>Contact CONTACT US Need Legal Help? Write to Us Now! You can send us your written and verbal questions via our phone numbers and e-mail addresses. \u00c7ankaya Mahallesi Atat\u00fcrk Bulvar\u0131 No:160\/4 \u00c7ankaya ANKARA +90 5414126106 info@aylinefecan.com.tr<\/p>\n","protected":false},"author":1,"featured_media":0,"parent":0,"menu_order":0,"comment_status":"closed","ping_status":"closed","template":"","meta":{"inspiro_hide_title":false,"footnotes":""},"class_list":["post-26","page","type-page","status-publish","hentry"],"_links":{"self":[{"href":"https:\/\/aylinefecan.eliz.web.tr\/en\/wp-json\/wp\/v2\/pages\/26","targetHints":{"allow":["GET"]}}],"collection":[{"href":"https:\/\/aylinefecan.eliz.web.tr\/en\/wp-json\/wp\/v2\/pages"}],"about":[{"href":"https:\/\/aylinefecan.eliz.web.tr\/en\/wp-json\/wp\/v2\/types\/page"}],"author":[{"embeddable":true,"href":"https:\/\/aylinefecan.eliz.web.tr\/en\/wp-json\/wp\/v2\/users\/1"}],"replies":[{"embeddable":true,"href":"https:\/\/aylinefecan.eliz.web.tr\/en\/wp-json\/wp\/v2\/comments?post=26"}],"version-history":[{"count":16,"href":"https:\/\/aylinefecan.eliz.web.tr\/en\/wp-json\/wp\/v2\/pages\/26\/revisions"}],"predecessor-version":[{"id":1235,"href":"https:\/\/aylinefecan.eliz.web.tr\/en\/wp-json\/wp\/v2\/pages\/26\/revisions\/1235"}],"wp:attachment":[{"href":"https:\/\/aylinefecan.eliz.web.tr\/en\/wp-json\/wp\/v2\/media?parent=26"}],"curies":[{"name":"wp","href":"https:\/\/api.w.org\/{rel}","templated":true}]}}