{"id":1073,"date":"2024-03-26T15:56:27","date_gmt":"2024-03-26T12:56:27","guid":{"rendered":"https:\/\/aylinefecan.eliz.web.tr\/?page_id=1073"},"modified":"2024-03-26T16:01:42","modified_gmt":"2024-03-26T13:01:42","slug":"kvkk-text","status":"publish","type":"page","link":"https:\/\/aylinefecan.eliz.web.tr\/tr\/kvkk-text\/","title":{"rendered":"Kvkk Metni"},"content":{"rendered":"<div data-elementor-type=\"wp-page\" data-elementor-id=\"1073\" class=\"elementor elementor-1073\">\n\t\t\t\t\t\t<section class=\"elementor-section elementor-top-section elementor-element elementor-element-a883e6c elementor-section-full_width elementor-section-height-default elementor-section-height-default\" data-id=\"a883e6c\" data-element_type=\"section\" data-e-type=\"section\" id=\"banner\" data-settings=\"{&quot;background_background&quot;:&quot;classic&quot;}\">\n\t\t\t\t\t\t<div class=\"elementor-container elementor-column-gap-no\">\n\t\t\t\t\t<div class=\"elementor-column elementor-col-100 elementor-top-column elementor-element elementor-element-aacc103\" data-id=\"aacc103\" data-element_type=\"column\" data-e-type=\"column\">\n\t\t\t<div class=\"elementor-widget-wrap elementor-element-populated\">\n\t\t\t\t\t\t<div class=\"elementor-element elementor-element-54354aa elementor-widget elementor-widget-heading\" data-id=\"54354aa\" data-element_type=\"widget\" data-e-type=\"widget\" id=\"banner-title\" data-widget_type=\"heading.default\">\n\t\t\t\t<div class=\"elementor-widget-container\">\n\t\t\t\t\t<h2 class=\"elementor-heading-title elementor-size-default\">Kvkk Metni<\/h2>\t\t\t\t<\/div>\n\t\t\t\t<\/div>\n\t\t\t\t\t<\/div>\n\t\t<\/div>\n\t\t\t\t\t<\/div>\n\t\t<\/section>\n\t\t\t\t<section class=\"elementor-section elementor-top-section elementor-element elementor-element-5b1cc0c elementor-section-boxed elementor-section-height-default elementor-section-height-default\" data-id=\"5b1cc0c\" data-element_type=\"section\" data-e-type=\"section\">\n\t\t\t\t\t\t<div class=\"elementor-container elementor-column-gap-default\">\n\t\t\t\t\t<div class=\"elementor-column elementor-col-100 elementor-top-column elementor-element elementor-element-86c3236\" data-id=\"86c3236\" data-element_type=\"column\" data-e-type=\"column\">\n\t\t\t<div class=\"elementor-widget-wrap elementor-element-populated\">\n\t\t\t\t\t\t<div class=\"elementor-element elementor-element-038a1db elementor-widget elementor-widget-text-editor\" data-id=\"038a1db\" data-element_type=\"widget\" data-e-type=\"widget\" data-widget_type=\"text-editor.default\">\n\t\t\t\t<div class=\"elementor-widget-container\">\n\t\t\t\t\t\t\t\t\t<p><strong>Av. Aylin Efe Can, Ki\u015fisel Verilerin Korunmas\u0131 Ayd\u0131nlatma Metni,<\/strong><\/p>\n<p>Bu ayd\u0131nlatma metni, 6698 say\u0131l\u0131 Ki\u015fisel Verilerin Korunmas\u0131 Kanununun (\u201cKanun\u201d) 10\u2019uncu maddesi ile Ayd\u0131nlatma Y\u00fck\u00fcml\u00fcl\u00fc\u011f\u00fcn\u00fcn Yerine Getirilmesinde Uyulacak Usul ve Esaslar Hakk\u0131nda Tebli\u011f kapsam\u0131nda veri sorumlusu s\u0131fat\u0131yla Av. Aylin Efe Can taraf\u0131ndan haz\u0131rlanm\u0131\u015ft\u0131r.<\/p>\n<ol>\n<li><strong>Veri Sorumlusu<\/strong><\/li>\n<\/ol>\n<p>\u00c7al\u0131\u015fan, \u00c7al\u0131\u015fan Aday\u0131, Mal Sahibi, Stajyer, Tedarik\u00e7i \u00c7al\u0131\u015fan\u0131, Tedarik\u00e7i Yetkilisi, \u00dcr\u00fcn veya Hizmet Alan Ki\u015fi ve Ziyaret\u00e7ilere ait verbis sistemine bildirilmi\u015f kategorilerde ki\u015fisel verilerin \u00f6zel hayat\u0131n gizlili\u011fine ili\u015fkin hususlar da g\u00f6z \u00f6n\u00fcnde bulundurularak i\u015flemektedir. Kanun uyar\u0131nca, veri sorumlusu s\u0131fat\u0131yla Av. Aylin Efe Can taraf\u0131ndan hangi kapsamda i\u015flenebilece\u011fi i\u015fbu ayd\u0131nlatma metni (\u201cAyd\u0131nlatma Metni\u201d) ile a\u00e7\u0131klanm\u0131\u015ft\u0131r.<\/p>\n<ol start=\"2\">\n<li><strong>Ki\u015fisel Verilerin Toplanma Y\u00f6ntemi ve Hukuki Sebebi Nedir?<\/strong><\/li>\n<\/ol>\n<p>Ki\u015fisel verilir, sa\u011fl\u0131k bilgileri de dahil olmak \u00fczere \u00f6zel nitelikli ki\u015fisel verileri de i\u00e7eren tamamen veya k\u0131smen otomatik olan ya da herhangi bir veri kay\u0131t sisteminin par\u00e7as\u0131 olmak kayd\u0131yla otomatik olmayan yollarla, ilgili ki\u015finin kendisinden, konum tespit edebilen sistemlerden ve tedarik\u00e7i \u00e7al\u0131\u015fanlar\u0131n\u0131n \u00e7al\u0131\u015ft\u0131\u011f\u0131 firman\u0131n yetkilisinden temin edilmektedir. Ki\u015fisel veriler, Kanun taraf\u0131ndan \u00f6ng\u00f6r\u00fclen temel ilkelere uygun olarak, Kanun\u2019un 5\u2019inci ve 6\u2019\u0131nc\u0131 maddelerinde belirtilen ki\u015fisel veri i\u015fleme \u015fartlar\u0131 ve ama\u00e7lar\u0131 kapsam\u0131nda i\u015fbu Ayd\u0131nlatma Metninde belirtilen ger\u00e7ek ve t\u00fczel ki\u015filer ile a\u015fa\u011f\u0131da yer alan ama\u00e7larla yurt i\u00e7inde ve yurt d\u0131\u015f\u0131nda i\u015flenebilmekte ve aktar\u0131labilmektedir.<\/p>\n<ol start=\"3\">\n<li><strong>Kanun Uyar\u0131nca Veri Sorumlusunun Ki\u015fisel Verileri A\u00e7\u0131k R\u0131za Olmaks\u0131z\u0131n \u0130\u015fleyebilece\u011fi Haller Nelerdir?<\/strong><\/li>\n<\/ol>\n<p>Kanun\u2019un 5\u2019inci maddesi uyar\u0131nca, a\u015fa\u011f\u0131daki hallerdeAv. Aylin Efe Can a\u00e7\u0131k r\u0131za aranmaks\u0131z\u0131n kanuna uygun olarak alm\u0131\u015f oldu\u011fu ki\u015fisel verileri i\u015fleyebilir:<\/p>\n<ul>\n<li>Kanunlarda a\u00e7\u0131k\u00e7a \u00f6ng\u00f6r\u00fcld\u00fc\u011f\u00fc hallerde,<\/li>\n<li>Fiili imk\u00e2ns\u0131zl\u0131k nedeniyle Ki\u015fisel Veri Sahibinin r\u0131zas\u0131n\u0131 a\u00e7\u0131klayamayacak durumda olmas\u0131 veya r\u0131zaya hukuki ge\u00e7erlilik tan\u0131nmayan hallerde Ki\u015fisel Veri Sahibinin ya da bir ba\u015fkas\u0131n\u0131n hayat\u0131 veya beden b\u00fct\u00fcnl\u00fc\u011f\u00fcn\u00fcn korunmas\u0131 i\u00e7in ki\u015fisel verinin i\u015flenmesinin zorunlu olmas\u0131,<\/li>\n<li>Av. Aylin Efe Can ile Ki\u015fisel Veri Sahibi aras\u0131nda akdedilen bir s\u00f6zle\u015fmenin kurulmas\u0131 veya ifas\u0131yla do\u011frudan do\u011fruya ilgili olmas\u0131 kayd\u0131yla, s\u00f6zle\u015fmenin taraflar\u0131na ait ki\u015fisel verilerin i\u015flenmesinin gerekli olmas\u0131,<\/li>\n<li>Av. Aylin Efe Can'\u0131n bir hukuki y\u00fck\u00fcml\u00fcl\u00fc\u011f\u00fcn\u00fc yerine getirebilmesi i\u00e7in zorunlu olmas\u0131,<\/li>\n<li>Ki\u015fisel verilerin, Ki\u015fisel Veri Sahibi taraf\u0131ndan alenile\u015ftirilmi\u015f olmas\u0131,<\/li>\n<li>Bir hakk\u0131n tesisi, kullan\u0131lmas\u0131 veya korunmas\u0131 i\u00e7in veri i\u015flemenin zorunlu olmas\u0131,<\/li>\n<li>Temel hak ve \u00f6zg\u00fcrl\u00fcklere zarar vermemek kayd\u0131yla, Av. Aylin Efe Can'\u0131n me\u015fru menfaatleri i\u00e7in veri i\u015flenmesinin zorunlu olmas\u0131.<\/li>\n<\/ul>\n<p>Ayr\u0131ca, Kanun\u2019un 6\u2019inci maddesi uyar\u0131nca, a\u015fa\u011f\u0131daki hallerde C&amp;A Group Pharma a\u00e7\u0131k r\u0131za aranmaks\u0131z\u0131n kanuna uygun olarak alm\u0131\u015f oldu\u011fu \u00f6zel nitelikli ki\u015fisel verileri i\u015fleyebilir:<\/p>\n<ul>\n<li>Ki\u015filerin \u0131rk\u0131, etnik k\u00f6keni, siyasi d\u00fc\u015f\u00fcncesi, felsefi inanc\u0131, dini, mezhebi veya di\u011fer inan\u00e7lar\u0131, k\u0131l\u0131k ve k\u0131yafeti, dernek, vak\u0131f ya da sendika \u00fcyeli\u011fi, sa\u011fl\u0131\u011f\u0131, cinsel hayat\u0131, ceza mahk\u00fbmiyeti ve g\u00fcvenlik tedbirleriyle ilgili verileri ile biyometrik ve genetik verileri \u00f6zel nitelikli ki\u015fisel veridir.<\/li>\n<li>Ki\u015fisel veri sahibinin sa\u011fl\u0131\u011f\u0131 ve cinsel hayat\u0131 d\u0131\u015f\u0131ndaki \u00f6zel nitelikli ki\u015fisel veriler, kanunlarda \u00f6ng\u00f6r\u00fclm\u00fc\u015f olmas\u0131,<\/li>\n<li>Ki\u015fisel veri sahibinin sa\u011fl\u0131\u011f\u0131na ve cinsel hayat\u0131na ili\u015fkin \u00f6zel nitelikli ki\u015fisel verileri ise ancak kamu sa\u011fl\u0131\u011f\u0131n\u0131n korunmas\u0131, koruyucu hekimlik, t\u0131bbi te\u015fhis, tedavi ve bak\u0131m hizmetlerinin y\u00fcr\u00fct\u00fclmesi, sa\u011fl\u0131k hizmetleri ile finansman\u0131n\u0131n planlanmas\u0131 ve y\u00f6netimi amac\u0131yla, s\u0131r saklama y\u00fck\u00fcml\u00fcl\u00fc\u011f\u00fc alt\u0131nda bulunan ki\u015filer veya yetkili kurum ve kurulu\u015flar taraf\u0131ndan olmas\u0131.<\/li>\n<\/ul>\n<ol start=\"4\">\n<li><strong>Ki\u015fisel Verilerin \u0130\u015flenme Ama\u00e7lar\u0131 Nedir?<\/strong><\/li>\n<\/ol>\n<p>Ki\u015fisel veriler;<\/p>\n<ul>\n<li>\u00c7al\u0131\u015fan Adaylar\u0131n\u0131n ve Staj Ba\u015fvuru S\u00fcre\u00e7lerinin Y\u00fcr\u00fct\u00fclmesi<\/li>\n<li>\u00c7al\u0131\u015fanlar \u0130\u00e7in \u0130\u015f Akdi ve Mevzuattan Kaynakl\u0131 Y\u00fck\u00fcml\u00fcl\u00fcklerin Yerine Getirilmesi<\/li>\n<li>\u00c7al\u0131\u015fanlar \u0130\u00e7in Yan Haklar ve Menfaatleri S\u00fcre\u00e7lerinin Y\u00fcr\u00fct\u00fclmesi<\/li>\n<li>E\u011fitim Faaliyetlerinin Y\u00fcr\u00fct\u00fclmesi<\/li>\n<li>Eri\u015fim Yetkilerinin Y\u00fcr\u00fct\u00fclmesi<\/li>\n<li>Faaliyetlerin Mevzuata Uygun Y\u00fcr\u00fct\u00fclmesi<\/li>\n<li>Finans ve Muhasebe \u0130\u015flerinin Y\u00fcr\u00fct\u00fclmesi<\/li>\n<li>Fiziksel Mek\u00e2n G\u00fcvenli\u011finin Temini<\/li>\n<li>G\u00f6revlendirme S\u00fcre\u00e7lerinin Y\u00fcr\u00fct\u00fclmesi<\/li>\n<li>Sahada \u00e7al\u0131\u015facak personel i\u00e7in izinlerin al\u0131nmas\u0131 ve G\u00f6revlendirme S\u00fcre\u00e7lerinin Y\u00fcr\u00fct\u00fclmesi<\/li>\n<li>\u0130leti\u015fim Faaliyetlerinin Y\u00fcr\u00fct\u00fclmesi<\/li>\n<li>\u0130nsan Kaynaklar\u0131 S\u00fcre\u00e7lerinin Planlanmas\u0131<\/li>\n<li>\u0130\u015f Faaliyetlerinin Y\u00fcr\u00fct\u00fclmesi \/ Denetimi<\/li>\n<li>\u0130\u015f Sa\u011fl\u0131\u011f\u0131 \/ G\u00fcvenli\u011fi Faaliyetlerinin Y\u00fcr\u00fct\u00fclmesi<\/li>\n<li>Hizmet Sat\u0131n Al\u0131m S\u00fcre\u00e7lerinin Y\u00fcr\u00fct\u00fclmesi<\/li>\n<li>Hizmet Sat\u0131\u015f Sonras\u0131 Destek Hizmetlerinin Y\u00fcr\u00fct\u00fclmesi<\/li>\n<li>Hizmet Sat\u0131\u015f S\u00fcre\u00e7lerinin Y\u00fcr\u00fct\u00fclmesi<\/li>\n<li>Performans De\u011ferlendirme S\u00fcre\u00e7lerinin Y\u00fcr\u00fct\u00fclmesi<\/li>\n<li>S\u00f6zle\u015fme S\u00fcre\u00e7lerinin Y\u00fcr\u00fct\u00fclmesi<\/li>\n<li>\u00dccret Politikas\u0131n\u0131n Y\u00fcr\u00fct\u00fclmesi<\/li>\n<li>Yetkili Ki\u015fi, Kurum ve Kurulu\u015flara Bilgi Verilmesi<\/li>\n<li>Ziyaret\u00e7i Kay\u0131tlar\u0131n\u0131n Olu\u015fturulmas\u0131 ve Takibi<\/li>\n<\/ul>\n<p>amac\u0131yla Av. Aylin Efe Can ve V. maddede belirtilen di\u011fer ger\u00e7ek ve\/veya t\u00fczel ki\u015filer taraf\u0131ndan i\u015flenebilmektedir.<\/p>\n<ol start=\"5\">\n<li><strong>Ki\u015fisel Veriler Kimlere Hangi Ama\u00e7la Aktar\u0131lmaktad\u0131r?<\/strong><\/li>\n<\/ol>\n<p>Toplanan ki\u015fisel veriler, Kanun taraf\u0131ndan \u00f6ng\u00f6r\u00fclen temel ilkelere uygun olarak ve Kanun\u2019un 8\u2019inci ve 9\u2019uncu maddelerinde belirtilen ki\u015fisel veri aktar\u0131m\u0131 \u015fartlar\u0131 ve a\u015fa\u011f\u0131da yer alan ama\u00e7larla, kanunen yetkili kamu kurum ve kurulu\u015flar\u0131na, Ger\u00e7ek ki\u015filer veya \u00f6zel hukuk t\u00fczel ki\u015filerine, Av. Aylin Efe Can ile i\u015f akdi kuracak \u015firketlere\/kurulu\u015flara ve bunlar\u0131n i\u015f ortaklar\u0131na, tedarik\u00e7ilerine, servis sa\u011flay\u0131c\u0131lar\u0131na aktar\u0131labilmektedir.<\/p>\n<ul>\n<li>Sahada \u00e7al\u0131\u015facak personel i\u00e7in izinlerin al\u0131nmas\u0131 ve G\u00f6revlendirme S\u00fcre\u00e7lerinin Y\u00fcr\u00fct\u00fclmesi<\/li>\n<li>Obtaining permissions and Execution of Assignment Processes for the personnel to work in the field<\/li>\n<li>Abonelik Ba\u015flatma ve Faturalar\u0131n \u00d6denmesinin Bildirilmesi<\/li>\n<li>Fiziksel Mek\u00e2n G\u00fcvenli\u011finin Temini,<\/li>\n<li>Yetkili Ki\u015fi, Kurum ve Kurulu\u015flara Bilgi Verilmesi<\/li>\n<li>Telefon Hatt\u0131 Temini<\/li>\n<li>\u0130\u015f Ortaklar\u0131n\u0131n Yaz\u0131l\u0131mlar\u0131na Eri\u015fim Yetkilerinin Temin Edilmesi<\/li>\n<li>\u0130hale Giri\u015f Taleplerinin Kar\u015f\u0131lanmas\u0131<\/li>\n<li>Kanuni Y\u00fck\u00fcml\u00fcl\u00fc\u011f\u00fcn Yerine Getirilmesi<\/li>\n<li>SGK Bildirimlerinin Ger\u00e7ekle\u015ftirilmesi<\/li>\n<li>Kart Bas\u0131m\u0131n\u0131n Ger\u00e7ekle\u015ftirilmesi<\/li>\n<li>Kurumsal Kullan\u0131c\u0131 Hesaplar\u0131n\u0131n A\u00e7\u0131lmas\u0131<\/li>\n<li>Personel Maa\u015f \u00d6demelerinin Yap\u0131lmas\u0131<\/li>\n<li>S\u00f6zle\u015fme S\u00fcre\u00e7lerinin Y\u00fcr\u00fct\u00fclmesi<\/li>\n<li>Stajyer devam kayd\u0131n\u0131n tutulmas\u0131<\/li>\n<li>Tan\u0131 sonras\u0131 E-Re\u00e7ete olu\u015fturulmas\u0131<\/li>\n<\/ul>\n<p>Av. Aylin Efe Can taraf\u0131ndan; KVK Kurulu taraf\u0131ndan yeterli korumaya sahip oldu\u011fu ilan edilen yabanc\u0131 \u00fclkelere (\u201cYeterli Korumaya Sahip Yabanc\u0131 \u00dclke\u201d) veya yeterli koruman\u0131n bulunmamas\u0131 durumunda, T\u00fcrkiye\u2019deki ve ilgili yabanc\u0131 \u00fclkedeki veri sorumlular\u0131n\u0131n yeterli bir korumay\u0131 yaz\u0131l\u0131 olarak taahh\u00fct etti\u011fi ve KVK Kurulu\u2019nun izninin bulundu\u011fu yabanc\u0131 \u00fclkelere (\u201cYeterli Korumay\u0131 Taahh\u00fct Eden Veri Sorumlusunun Bulundu\u011fu Yabanc\u0131 \u00dclke\u201d) ki\u015fisel veriler aktar\u0131labilmektedir.<\/p>\n<ol start=\"6\">\n<li><strong>Ki\u015fisel Veri Sahibinin Haklar\u0131 Nelerdir?<\/strong><\/li>\n<\/ol>\n<p>Kanun\u2019un 11. maddesi \u00e7er\u00e7evesinde Ki\u015fisel Veri Sahibi her zaman veri sorumlusuna ba\u015fvurarak kendisi ile ilgili;<\/p>\n<ul>\n<li>Ki\u015fisel verilerinin i\u015flenip i\u015flenmedi\u011fini \u00f6\u011frenme,<\/li>\n<li>Ki\u015fisel verileri i\u015flenmi\u015fse buna ili\u015fkin bilgi talep etme,<\/li>\n<li>Ki\u015fisel verilerinin i\u015flenme amac\u0131n\u0131 ve bunlar\u0131n amac\u0131na uygun kullan\u0131l\u0131p kullan\u0131lmad\u0131\u011f\u0131n\u0131 \u00f6\u011frenme,<\/li>\n<li>Yurt i\u00e7inde veya yurt d\u0131\u015f\u0131nda ki\u015fisel verilerin aktar\u0131ld\u0131\u011f\u0131 \u00fc\u00e7\u00fcnc\u00fc ki\u015fileri bilme,<\/li>\n<li>Ki\u015fisel verilerin eksik veya yanl\u0131\u015f i\u015flenmi\u015f olmas\u0131 h\u00e2linde bunlar\u0131n d\u00fczeltilmesini isteme,<\/li>\n<li>Ama\u00e7, s\u00fcre ve me\u015fruiyet prensipleri d\u00e2hilinde de\u011ferlendirilmek \u00fczere ki\u015fisel verilerinin i\u015flenmesini gerektiren sebeplerin ortadan kalkmas\u0131 halinde silinmesini veya yok edilmesini isteme, Ki\u015fisel verilerin silinmesini veya yok edilmesini isteme,<\/li>\n<li>6698 say\u0131l\u0131 Ki\u015fisel Verilerin Korunmas\u0131 Kanuna ve ilgili di\u011fer kanun h\u00fck\u00fcmlerine uygun olarak i\u015flenmi\u015f olmas\u0131na ra\u011fmen, i\u015flenmesini gerektiren sebeplerin ortadan kalkmas\u0131 h\u00e2linde ki\u015fisel verilerinin silinmesini, yok edilmesini veya anonim hale getirilmesini isteme<\/li>\n<li>Ki\u015fisel verilerin d\u00fczeltilmesi, silinmesi veya yok edilmesine ili\u015fkin i\u015flemlerin ki\u015fisel verilerin aktar\u0131ld\u0131\u011f\u0131 \u00fc\u00e7\u00fcnc\u00fc ki\u015filere bildirilmesini isteme,<\/li>\n<li>\u0130\u015flenen verilerin m\u00fcnhas\u0131ran otomatik sistemler vas\u0131tas\u0131yla analiz edilmesi suretiyle ki\u015finin kendisi aleyhine bir sonucun ortaya \u00e7\u0131kmas\u0131na itiraz etme,<\/li>\n<li>Ki\u015fisel verilerin kanuna ayk\u0131r\u0131 olarak i\u015flenmesi sebebiyle zarara u\u011framas\u0131 h\u00e2linde zarar\u0131n giderilmesini talep etme<\/li>\n<\/ul>\n<p>haklar\u0131na sahiptir.<\/p>\n<ol start=\"7\">\n<li><strong>Ki\u015fisel Veri Sahibi Haklar\u0131n\u0131 Nas\u0131l Kullan\u0131r?<\/strong><\/li>\n<\/ol>\n<p>Kanun\u2019un 11\u2019inci maddesi uyar\u0131nca Ki\u015fisel Veri Sahibinin sahip oldu\u011fu yukar\u0131da bahsi ge\u00e7en haklar\u0131n\u0131 kullanmas\u0131 i\u00e7in ba\u015fvuru formunu eksiksiz doldurarak formda belirtilen kanallar arac\u0131l\u0131\u011f\u0131 ile Av. Aylin Efe Can'a iletmesi gerekmektedir.<\/p>\n<ol start=\"8\">\n<li><strong>Ki\u015fisel Verileri Ne S\u00fcreyle \u0130\u015flenecektir?<\/strong><\/li>\n<\/ol>\n<p>Kanun\u2019a uygun olarak, i\u015fbu Ayd\u0131nlatma Metninde belirtilen ama\u00e7larla i\u015flenmi\u015f olan ki\u015fisel veriler, Kanun\u2019un 7\u2019inci maddesine g\u00f6re i\u015flenmesini gerektiren ama\u00e7 ortadan kalkt\u0131\u011f\u0131nda ve\/veya mevzuat uyar\u0131nca Av. Aylin Efe Can olarak verilerin i\u015flenmesi i\u00e7in zorunlu k\u0131l\u0131nan zamana\u015f\u0131m\u0131 s\u00fcreleri doldu\u011funda  Av. Aylin Efe Can taraf\u0131ndan silinecek, yok edilecek veya anonimle\u015ftirerek kullan\u0131lmaya devam edilecektir.\n\ntalebin niteli\u011fine g\u00f6re talebi en k\u0131sa s\u00fcrede ve en ge\u00e7 otuz (30) g\u00fcn i\u00e7erisinde \u00fccretsiz olarak sonu\u00e7land\u0131racakt\u0131r. Ancak, i\u015flemin ayr\u0131ca bir maliyeti gerektirmesi h\u00e2linde,  Av. Aylin Efe Can\u2019n\u0131n Ki\u015fisel Verileri Koruma Kurulu taraf\u0131ndan belirlenen tarifedeki \u00fccreti alma hakk\u0131 sakl\u0131d\u0131r.<\/p>\t\t\t\t\t\t\t\t<\/div>\n\t\t\t\t<\/div>\n\t\t\t\t\t<\/div>\n\t\t<\/div>\n\t\t\t\t\t<\/div>\n\t\t<\/section>\n\t\t\t\t<\/div>","protected":false},"excerpt":{"rendered":"<p>Kvkk text Av. Aylin Efe Can, Personal Data Protection Clarification Text, This clarification text has been prepared by&nbsp;Av. Aylin Efe Can&nbsp;as a data controller within the scope of the Communiqu\u00e9 on the Procedures and Principles to be Complied with in Fulfilling the Obligation to Lighting with Article 10 of the Law on the Protection of &hellip; <\/p>\n<p class=\"link-more\"><a href=\"https:\/\/aylinefecan.eliz.web.tr\/tr\/kvkk-text\/\" class=\"more-link\"><span class=\"screen-reader-text\"> &#8220;Kvkk Text&#8221;<\/span>devam\u0131n\u0131 oku<\/a><\/p>","protected":false},"author":1,"featured_media":0,"parent":0,"menu_order":0,"comment_status":"closed","ping_status":"closed","template":"","meta":{"inspiro_hide_title":false,"footnotes":""},"class_list":["post-1073","page","type-page","status-publish","hentry"],"_links":{"self":[{"href":"https:\/\/aylinefecan.eliz.web.tr\/tr\/wp-json\/wp\/v2\/pages\/1073","targetHints":{"allow":["GET"]}}],"collection":[{"href":"https:\/\/aylinefecan.eliz.web.tr\/tr\/wp-json\/wp\/v2\/pages"}],"about":[{"href":"https:\/\/aylinefecan.eliz.web.tr\/tr\/wp-json\/wp\/v2\/types\/page"}],"author":[{"embeddable":true,"href":"https:\/\/aylinefecan.eliz.web.tr\/tr\/wp-json\/wp\/v2\/users\/1"}],"replies":[{"embeddable":true,"href":"https:\/\/aylinefecan.eliz.web.tr\/tr\/wp-json\/wp\/v2\/comments?post=1073"}],"version-history":[{"count":4,"href":"https:\/\/aylinefecan.eliz.web.tr\/tr\/wp-json\/wp\/v2\/pages\/1073\/revisions"}],"predecessor-version":[{"id":1082,"href":"https:\/\/aylinefecan.eliz.web.tr\/tr\/wp-json\/wp\/v2\/pages\/1073\/revisions\/1082"}],"wp:attachment":[{"href":"https:\/\/aylinefecan.eliz.web.tr\/tr\/wp-json\/wp\/v2\/media?parent=1073"}],"curies":[{"name":"wp","href":"https:\/\/api.w.org\/{rel}","templated":true}]}}