{"id":1075,"date":"2024-03-26T15:56:40","date_gmt":"2024-03-26T12:56:40","guid":{"rendered":"https:\/\/aylinefecan.eliz.web.tr\/?page_id=1075"},"modified":"2024-03-26T15:59:02","modified_gmt":"2024-03-26T12:59:02","slug":"cookie-policy","status":"publish","type":"page","link":"https:\/\/aylinefecan.eliz.web.tr\/tr\/cookie-policy\/","title":{"rendered":"Cerez Politikas\u0131"},"content":{"rendered":"<div data-elementor-type=\"wp-page\" data-elementor-id=\"1075\" class=\"elementor elementor-1075\">\n\t\t\t\t\t\t<section class=\"elementor-section elementor-top-section elementor-element elementor-element-b16aeb7 elementor-section-full_width elementor-section-height-default elementor-section-height-default\" data-id=\"b16aeb7\" data-element_type=\"section\" data-e-type=\"section\" id=\"banner\" data-settings=\"{&quot;background_background&quot;:&quot;classic&quot;}\">\n\t\t\t\t\t\t<div class=\"elementor-container elementor-column-gap-no\">\n\t\t\t\t\t<div class=\"elementor-column elementor-col-100 elementor-top-column elementor-element elementor-element-92c9f30\" data-id=\"92c9f30\" data-element_type=\"column\" data-e-type=\"column\">\n\t\t\t<div class=\"elementor-widget-wrap elementor-element-populated\">\n\t\t\t\t\t\t<div class=\"elementor-element elementor-element-d91683f elementor-widget elementor-widget-heading\" data-id=\"d91683f\" data-element_type=\"widget\" data-e-type=\"widget\" id=\"banner-title\" data-widget_type=\"heading.default\">\n\t\t\t\t<div class=\"elementor-widget-container\">\n\t\t\t\t\t<h2 class=\"elementor-heading-title elementor-size-default\">Cerez Politikas\u0131<\/h2>\t\t\t\t<\/div>\n\t\t\t\t<\/div>\n\t\t\t\t\t<\/div>\n\t\t<\/div>\n\t\t\t\t\t<\/div>\n\t\t<\/section>\n\t\t\t\t<section class=\"elementor-section elementor-top-section elementor-element elementor-element-19c1faa elementor-section-boxed elementor-section-height-default elementor-section-height-default\" data-id=\"19c1faa\" data-element_type=\"section\" data-e-type=\"section\">\n\t\t\t\t\t\t<div class=\"elementor-container elementor-column-gap-default\">\n\t\t\t\t\t<div class=\"elementor-column elementor-col-100 elementor-top-column elementor-element elementor-element-9a464cb\" data-id=\"9a464cb\" data-element_type=\"column\" data-e-type=\"column\">\n\t\t\t<div class=\"elementor-widget-wrap elementor-element-populated\">\n\t\t\t\t\t\t<div class=\"elementor-element elementor-element-1cc9437 elementor-widget elementor-widget-text-editor\" data-id=\"1cc9437\" data-element_type=\"widget\" data-e-type=\"widget\" data-widget_type=\"text-editor.default\">\n\t\t\t\t<div class=\"elementor-widget-container\">\n\t\t\t\t\t\t\t\t\t<p>Av. Aylin Efecan taraf\u0131ndan gizlili\u011finize sayg\u0131 duyulmakta ve veri g\u00fcvenli\u011finize \u00f6nem verilmektedir. Bu kapsamda sizleri \u201c\u00c7erez\u201d (Cookie) hakk\u0131nda bilgilendirmek ve ayd\u0131nlatmak amac\u0131yla bu metin haz\u0131rlanm\u0131\u015ft\u0131r.<\/p><p><strong>1.Bilgilendirme<\/strong><\/p><ul><li>Bir\u00e7ok web sitesi, teknik, i\u015flevsel, deneyim kalitesini artt\u0131rmak ve benzeri bir\u00e7ok sebepten \u201c\u00c7erez\u201d (Cookie) kullanmaktad\u0131r. A\u015fa\u011f\u0131da \u201c\u00e7erez\u201d (Cookie) kullan\u0131m\u0131m\u0131z, kullan\u0131c\u0131lar\u0131n bu \u00e7erezleri \u00e7e\u015fitli mecralarda nas\u0131l y\u00f6netebilece\u011fi a\u00e7\u0131klanmaktad\u0131r.<\/li><li>Bu dok\u00fcmanda a\u00e7\u0131klanan bilgiler, Ki\u015fisel Verilerin Korunmas\u0131 Kanunu \u00e7er\u00e7evesinde sitemizden eri\u015filebilen Ayd\u0131nlatma ve A\u00e7\u0131k R\u0131za metni ile bir b\u00fct\u00fcn olarak de\u011ferlendirilmelidir.<\/li><\/ul><p><strong>2.\u00c7erez (Cookie) Nedir?<\/strong><\/p><ul><li>\u00c7erez (Cookie), herhangi bir \u0130nternet sitesi taraf\u0131ndan bilgisayara b\u0131rak\u0131lan bir t\u00fcr tan\u0131mlama dosyas\u0131d\u0131r. \u00c7erez dosyalar\u0131nda oturum bilgileri ve benzeri veriler saklan\u0131r. \u00c7erez kullanan bir site ziyaret edildi\u011finde bu site, eri\u015fimin yap\u0131ld\u0131\u011f\u0131 taray\u0131c\u0131ya sabit diske bir ya da daha fazla \u00e7erez b\u0131rakma konusunda talep g\u00f6nderebilir.<\/li><li>\u00c7erezler, siteyi ziyaret eden ki\u015filere ait isim, ya\u015f, adres, cinsiyet gibi ki\u015fisel verileri bar\u0131nd\u0131rmazlar.<\/li><li>\u00c7erezler hakk\u0131nda daha detayl\u0131 bilgi edinmek i\u00e7in l\u00fctfen www.aboutcookies.org sitesini ziyaret ediniz.<\/li><\/ul><p><strong>3.\u00c7erez (Cookie) Tipleri Nelerdir?<\/strong><\/p><ul><li>\u00c7erez\u2019ler, kullan\u0131m amac\u0131, s\u00fcreleri ve olu\u015fturanlar a\u00e7\u0131s\u0131ndan \u00e7e\u015fitli tiplere ayr\u0131l\u0131rlar.<\/li><li>\u00c7erez\u2019i olu\u015fturan ve yerle\u015ftiren taraf\u0131n kim oldu\u011funa ba\u011fl\u0131 olarak web sitesi \u00e7erezleri ve \u00fc\u00e7\u00fcnc\u00fc taraf \u00e7erezleri kullan\u0131lmaktad\u0131r. \u00dc\u00e7\u00fcnc\u00fc taraf \u00e7erezleri, web sitesinin i\u015f ortaklar\u0131na, hizmet sa\u011flay\u0131c\u0131lar\u0131na ve i\u015f birlikteliklerine ba\u011fl\u0131 olarak farkl\u0131 \u015firketler taraf\u0131ndan y\u00f6netilebilmektedir.<\/li><li>\u00c7erezin kullan\u0131mda kald\u0131\u011f\u0131 s\u00fcreye ba\u011fl\u0131 olarak session (oturum) \u00e7erezleri ve kal\u0131c\u0131 \u00e7erezler kullan\u0131labilmektedir. Oturum \u00e7erezleri, ziyaret\u00e7inin web sitesini ziyaret etmeyi b\u0131rakt\u0131\u011f\u0131 an silinmektedir. Kal\u0131c\u0131 \u00e7erezler ise \u00e7erezin kullan\u0131m amac\u0131na ba\u011fl\u0131 olarak belirlenmi\u015f s\u00fcrelerde ziyaret bitmi\u015f olsa bile kullan\u0131c\u0131n\u0131n ziyaret\u00e7inin cihaz\u0131nda kalmaktad\u0131r.<\/li><li>\u00c7erezlerin kullan\u0131m amac\u0131na ba\u011fl\u0131 olarak web sitesinde reklam ve hedefleme \u00e7erezleri, deneyim ki\u015fiselle\u015ftirme \u00e7erezleri, do\u011frulama \u00e7erezleri, analiz\/analitik \u00e7erezler ve teknik \u00e7erezler kullan\u0131labilmektedir.<\/li><\/ul><p><strong>4.\u00c7erezler Neden Kullan\u0131l\u0131r?<\/strong><\/p><ul><li>Web sitesinde \u00e7erezler, a\u015fa\u011f\u0131daki ama\u00e7lar i\u00e7in kullan\u0131labilir.<\/li><li>Ziyaret ve deneyim ki\u015fiselle\u015ftirme, hedefleme, do\u011fru ve amaca d\u00f6n\u00fck reklam ve tan\u0131t\u0131m faaliyetleri<\/li><li>Web sitesi ve bile\u015fenlerinin i\u015flevlerinin do\u011fru, kolay ve daha verimli \u00e7al\u0131\u015fmas\u0131<\/li><li>Web sitesini, kaynak kullan\u0131m\u0131, eri\u015fen bilgisi, ziyaret\u00e7i say\u0131s\u0131 ve platformlar\u0131n\u0131n tespiti gibi bilgileri analiz ederek performans\u0131 artt\u0131rmak ve kullan\u0131c\u0131 deneyimini iyile\u015ftirmek<\/li><li>Web sitesinin \u00e7al\u0131\u015fmas\u0131 i\u00e7in gerekli olan i\u015flevleri yerine getirmek<\/li><\/ul><p><strong>5.\u00c7erez Kullan\u0131m\u0131na Dair Ki\u015fisel Tercih Y\u00f6netimini Nas\u0131l Yapabilirsiniz?<\/strong><\/p><p>Web sitemizin \u00e7al\u0131\u015fmas\u0131 i\u00e7in gerekli olan baz\u0131 konularda \u00e7erez kullan\u0131m\u0131n\u0131 tercihe ba\u011fl\u0131 olarak devre d\u0131\u015f\u0131 b\u0131rakmak, web sitesinin do\u011fru \u00e7al\u0131\u015fmas\u0131na engel olabilmektedir. Bu tip \u00e7erezler ile ilgili terchilerinizi de\u011fi\u015ftirdi\u011finizde web sitemizden edinece\u011finiz bilgi ve ziyaret deneyiminizin aksamaya u\u011framayaca\u011f\u0131n\u0131 garanti edemeyiz.<\/p>\t\t\t\t\t\t\t\t<\/div>\n\t\t\t\t<\/div>\n\t\t\t\t\t<\/div>\n\t\t<\/div>\n\t\t\t\t\t<\/div>\n\t\t<\/section>\n\t\t\t\t<\/div>","protected":false},"excerpt":{"rendered":"<p>Cookie Policy Av. Aylin Efecan respects your privacy and attaches importance to your data security. In this context, this text has been prepared in order to inform and enlighten you about the &#8220;Cookie&#8221;. 1.Information Many websites use &#8220;Cookies&#8221; for many reasons such as technical, functional, increasing the quality of experience and so on. The following &hellip; <\/p>\n<p class=\"link-more\"><a href=\"https:\/\/aylinefecan.eliz.web.tr\/tr\/cookie-policy\/\" class=\"more-link\"><span class=\"screen-reader-text\"> &#8220;Cookie Policy&#8221;<\/span>devam\u0131n\u0131 oku<\/a><\/p>","protected":false},"author":1,"featured_media":0,"parent":0,"menu_order":0,"comment_status":"closed","ping_status":"closed","template":"","meta":{"inspiro_hide_title":false,"footnotes":""},"class_list":["post-1075","page","type-page","status-publish","hentry"],"_links":{"self":[{"href":"https:\/\/aylinefecan.eliz.web.tr\/tr\/wp-json\/wp\/v2\/pages\/1075","targetHints":{"allow":["GET"]}}],"collection":[{"href":"https:\/\/aylinefecan.eliz.web.tr\/tr\/wp-json\/wp\/v2\/pages"}],"about":[{"href":"https:\/\/aylinefecan.eliz.web.tr\/tr\/wp-json\/wp\/v2\/types\/page"}],"author":[{"embeddable":true,"href":"https:\/\/aylinefecan.eliz.web.tr\/tr\/wp-json\/wp\/v2\/users\/1"}],"replies":[{"embeddable":true,"href":"https:\/\/aylinefecan.eliz.web.tr\/tr\/wp-json\/wp\/v2\/comments?post=1075"}],"version-history":[{"count":4,"href":"https:\/\/aylinefecan.eliz.web.tr\/tr\/wp-json\/wp\/v2\/pages\/1075\/revisions"}],"predecessor-version":[{"id":1079,"href":"https:\/\/aylinefecan.eliz.web.tr\/tr\/wp-json\/wp\/v2\/pages\/1075\/revisions\/1079"}],"wp:attachment":[{"href":"https:\/\/aylinefecan.eliz.web.tr\/tr\/wp-json\/wp\/v2\/media?parent=1075"}],"curies":[{"name":"wp","href":"https:\/\/api.w.org\/{rel}","templated":true}]}}